{"id":2540,"date":"2022-03-28T11:11:33","date_gmt":"2022-03-28T13:11:33","guid":{"rendered":"https:\/\/stella-babyfoot.com\/personnalisation\/?page_id=2540"},"modified":"2022-03-28T11:11:33","modified_gmt":"2022-03-28T13:11:33","slug":"legal-notice","status":"publish","type":"page","link":"https:\/\/stella-babyfoot.com\/personnalisation\/en\/legal-notice\/","title":{"rendered":"Legal Notice"},"content":{"rendered":"\n<h2 class=\"wp-block-heading\">MENTIONS L\u00c9GALES<\/h2>\n\n\n\n<p><\/p>\n\n\n\n<p>Entreprise STELLA LOISIRS<\/p>\n\n\n\n<p>159 Rue de Rotterdam \u2013 59200 TOURCOING<\/p>\n\n\n\n<p>T\u00e9l : +33.3.20.68.09.38<\/p>\n\n\n\n<p>E-Mail : contact@stella-babyfoot.citlab.net<\/p>\n\n\n\n<p>stella-babyfoot.com<\/p>\n\n\n\n<p>SAS au capital de 15.244,90\u20ac<\/p>\n\n\n\n<p>N\u00b0 Siret : 402 493 522 00021<\/p>\n\n\n\n<p>Code NAF : 3240Z<\/p>\n\n\n\n<p>N\u00b0 Identifiant TVA : FR37402493522<\/p>\n\n\n\n<p><strong>Cr\u00e9dits photos et textes :<\/strong><\/p>\n\n\n\n<p>Toutes les images et textes et ressources de ce site sont la propri\u00e9t\u00e9 exclusive de Stella Loisirs. Aucune utilisation tierce n&#8217;est autoris\u00e9e sans autorisation \u00e9crite de notre part.<\/p>\n\n\n\n<p><strong>Conception et production :<\/strong><\/p>\n\n\n\n<p>Simulateur 3D par Chromelight-studio.fr<\/p>\n\n\n\n<p><strong>Cookies :<\/strong><\/p>\n\n\n\n<p>Des donn\u00e9es non personnelles sont collect\u00e9es lors de votre navigation sur notre site afin de pouvoir \u00e9tablir des statistiques. Ces fichiers stock\u00e9s sur votre ordinateur, appel\u00e9s cookies, permettent d&#8217;enregistrer les informations relatives \u00e0 votre navigation sur le site stella-babyfoot.com. Cela permet de personnaliser notre contenu pour am\u00e9liorer le site et son contenu. En aucun cas ces donn\u00e9es ne nous permettent de vous identifier.<\/p>\n\n\n\n<pre id=\"tw-target-text\" class=\"wp-block-preformatted\">LEGAL NOTICE<\/pre>\n","protected":false},"excerpt":{"rendered":"<p>MENTIONS L\u00c9GALES Entreprise STELLA LOISIRS 159 Rue de Rotterdam \u2013 59200 TOURCOING T\u00e9l : +33.3.20.68.09.38 E-Mail : contact@stella-babyfoot.citlab.net stella-babyfoot.com SAS au capital de 15.244,90\u20ac N\u00b0 Siret : 402 493 522 00021 Code NAF : 3240Z N\u00b0 Identifiant TVA : FR37402493522 Cr\u00e9dits photos et textes : Toutes les images et textes et ressources de ce site [&hellip;]<\/p>\n","protected":false},"author":1,"featured_media":0,"parent":0,"menu_order":8,"comment_status":"closed","ping_status":"open","template":"","meta":{"_acf_changed":false,"_seopress_robots_primary_cat":"","_seopress_titles_title":"","_seopress_titles_desc":"","_seopress_robots_index":"","footnotes":""},"acf":[],"_links":{"self":[{"href":"https:\/\/stella-babyfoot.com\/personnalisation\/wp-json\/wp\/v2\/pages\/2540"}],"collection":[{"href":"https:\/\/stella-babyfoot.com\/personnalisation\/wp-json\/wp\/v2\/pages"}],"about":[{"href":"https:\/\/stella-babyfoot.com\/personnalisation\/wp-json\/wp\/v2\/types\/page"}],"author":[{"embeddable":true,"href":"https:\/\/stella-babyfoot.com\/personnalisation\/wp-json\/wp\/v2\/users\/1"}],"replies":[{"embeddable":true,"href":"https:\/\/stella-babyfoot.com\/personnalisation\/wp-json\/wp\/v2\/comments?post=2540"}],"version-history":[{"count":0,"href":"https:\/\/stella-babyfoot.com\/personnalisation\/wp-json\/wp\/v2\/pages\/2540\/revisions"}],"wp:attachment":[{"href":"https:\/\/stella-babyfoot.com\/personnalisation\/wp-json\/wp\/v2\/media?parent=2540"}],"curies":[{"name":"wp","href":"https:\/\/api.w.org\/{rel}","templated":true}]}}