{"id":478,"date":"2021-03-26T11:37:05","date_gmt":"2021-03-26T11:37:05","guid":{"rendered":"https:\/\/stella-babyfoot.com\/personnalisation\/?page_id=478"},"modified":"2021-03-26T11:37:05","modified_gmt":"2021-03-26T11:37:05","slug":"cgv","status":"publish","type":"page","link":"https:\/\/stella-babyfoot.com\/personnalisation\/cgv\/","title":{"rendered":"CGV"},"content":{"rendered":"\n<h2 class=\"wp-block-heading\">CONDITIONS GENERALES DE VENTES STELLA LOISIRS<\/h2>\n\n\n\n<p><\/p>\n\n\n\n<p>Les pr\u00e9sentes conditions de vente sont conclues d\u2019une part par la soci\u00e9t\u00e9 Stella Loisirs au capital de 15244,90 euros dont le si\u00e8ge social est \u00e0 159 Rue de Rotterdam 59200 TOURCOING immatricul\u00e9e au registre du commerce et des soci\u00e9t\u00e9s de Lille M\u00e9tropole sous le num\u00e9ro R.C.S. 402 493 522 ci-apr\u00e8s d\u00e9nomm\u00e9e &#8220;Stella Loisirs&#8221; et d\u2019autre part, par toute personne physique ou morale souhaitant proc\u00e9der \u00e0 un achat via le site Internet de &#8220;Stella Loisirs&#8221; d\u00e9nomm\u00e9e ci-apr\u00e8s &#8220;l\u2019acheteur&#8221;.<\/p>\n\n\n\n<p><\/p>\n\n\n\n<p><strong>I. Objet<\/strong><\/p>\n\n\n\n<p>Les pr\u00e9sentes conditions de vente visent \u00e0 d\u00e9finir les relations contractuelles entre Stella Loisirs et l\u2019acheteur et les conditions applicables \u00e0 tout achat effectu\u00e9 par le biais du site marchand de Stella Loisirs, que l\u2019acheteur soit professionnel ou consommateur.<\/p>\n\n\n\n<p>L\u2019acquisition d\u2019un bien ou d\u2019un service \u00e0 travers le pr\u00e9sent site implique une acceptation sans r\u00e9serve par l\u2019acheteur des pr\u00e9sentes conditions de vente.<\/p>\n\n\n\n<p>Ces conditions de vente pr\u00e9vaudront sur toutes autres conditions g\u00e9n\u00e9rales ou particuli\u00e8res non express\u00e9ment agr\u00e9\u00e9es par Stella Loisirs.<\/p>\n\n\n\n<p>Stella Loisirs se r\u00e9serve de pouvoir modifier ses conditions de vente \u00e0 tout moment. Dans ce cas, les conditions applicables seront celles en vigueur \u00e0 la date de la commande par l\u2019acheteur.<\/p>\n\n\n\n<p><\/p>\n\n\n\n<p><strong>II. Caract\u00e9ristiques des biens et services propos\u00e9s<\/strong><\/p>\n\n\n\n<p>Les produits et services offerts sont ceux qui figurent dans le catalogue publi\u00e9 dans le site de Stella Loisirs.<\/p>\n\n\n\n<p>Ces produits et services sont offerts dans la limite des stocks disponibles.<\/p>\n\n\n\n<p>Les photographies du catalogue sont les plus fid\u00e8les possibles mais ne peuvent assurer une similitude parfaite avec le produit offert, notamment en ce qui concerne les couleurs.<\/p>\n\n\n\n<p><\/p>\n\n\n\n<p><strong>III. Tarifs<\/strong><\/p>\n\n\n\n<p>Les prix figurant dans le catalogue sont des prix TTC en euro tenant compte de la TVA applicable au jour de la commande; tout changement du taux pourra \u00eatre r\u00e9percut\u00e9 sur le prix des produits ou des services.<\/p>\n\n\n\n<p>Stella Loisirs se r\u00e9serve de modifier ses prix \u00e0 tout moment, \u00e9tant toutefois entendu que le prix figurant au catalogue le jour de la commande sera le seul applicable \u00e0 l\u2019acheteur.<\/p>\n\n\n\n<p>Les prix indiqu\u00e9s comprennent les frais de traitement de commandes, de transport et de livraison pour autant qu\u2019elles aient lieu dans les zones g\u00e9ographiques pr\u00e9vues ci-apr\u00e8s<\/p>\n\n\n\n<p><\/p>\n\n\n\n<p><strong>IV. Aire g\u00e9ographique<\/strong><\/p>\n\n\n\n<p>La vente en ligne des produits et services pr\u00e9sent\u00e9s dans le site est r\u00e9serv\u00e9e aux acheteurs qui r\u00e9sident en France m\u00e9tropolitaine et pour des livraisons requises dans ces zones g\u00e9ographiques. Pour toute livraison dans une autre zone g\u00e9ographique, merci de nous contacter directement.<\/p>\n\n\n\n<p><\/p>\n\n\n\n<p><strong>V.Commandes<\/strong><\/p>\n\n\n\n<p>L\u2019acheteur, qui souhaite acheter un produit ou un service doit obligatoirement :<\/p>\n\n\n\n<p>\u2013 remplir la fiche d\u2019identification sur laquelle il indiquera toutes les coordonn\u00e9es demand\u00e9es ou donner son num\u00e9ro de client s\u2019il en a un;<\/p>\n\n\n\n<p>\u2013 remplir le bon de commande en ligne en donnant toutes les r\u00e9f\u00e9rences des produits ou services choisis;<\/p>\n\n\n\n<p>\u2013 valider sa commande apr\u00e8s l\u2019avoir v\u00e9rifi\u00e9e;<\/p>\n\n\n\n<p>\u2013 effectuer le paiement dans les conditions pr\u00e9vues;<\/p>\n\n\n\n<p>\u2013 confirmer sa commande et son r\u00e8glement.<\/p>\n\n\n\n<p>La confirmation de la commande entra\u00eene acceptation des pr\u00e9sentes conditions de vente, la reconnaissance d\u2019en avoir parfaite connaissance et la renonciation \u00e0 se pr\u00e9valoir de ses propres conditions d\u2019achat ou d\u2019autres conditions.<\/p>\n\n\n\n<p>L\u2019ensemble des donn\u00e9es fournies et la confirmation enregistr\u00e9e vaudront preuve de la transaction. La confirmation vaudra signature et acceptation des op\u00e9rations effectu\u00e9es.<\/p>\n\n\n\n<p>Le vendeur communiquera par courrier \u00e9lectronique confirmation de la commande enregistr\u00e9e.<\/p>\n\n\n\n<p><\/p>\n\n\n\n<p><strong>VI.R\u00e9tractation<\/strong><\/p>\n\n\n\n<p>Les acheteurs, personnes physiques non professionnelles, b\u00e9n\u00e9ficient d\u2019un d\u00e9lai de r\u00e9tractation de quatorze jours \u00e0 compter de la livraison de leur commande pour faire retour du produit au vendeur pour \u00e9change ou remboursement sans p\u00e9nalit\u00e9, \u00e0 l\u2019exception des frais de retour.<\/p>\n\n\n\n<p><\/p>\n\n\n\n<p><strong>VII.Modalit\u00e9s de paiement<\/strong><\/p>\n\n\n\n<p>Le prix est exigible \u00e0 la commande.<\/p>\n\n\n\n<p>Les paiements seront effectu\u00e9s par carte bancaire; ils seront r\u00e9alis\u00e9s par le biais du syst\u00e8me s\u00e9curis\u00e9 \u00ab 3D Secrure \u00bb qui utilise le protocole SSL (Secure Socket Layer) de telle sorte que les informations transmises sont crypt\u00e9es par un logiciel et qu\u2019aucun tiers ne peut en prendre connaissance au cours du transport sur le r\u00e9seau.<\/p>\n\n\n\n<p>Le compte de l\u2019acheteur ne sera d\u00e9bit\u00e9 que lors de l\u2019exp\u00e9dition des produits ou des services disponibles et que du montant des produits ou services envoy\u00e9s ou t\u00e9l\u00e9charg\u00e9s.<\/p>\n\n\n\n<p>\u00c0 la demande de l\u2019acheteur, il lui sera adress\u00e9 une facture sur papier faisant ressortir la TVA.<\/p>\n\n\n\n<p><\/p>\n\n\n\n<p><strong>VIII.Livraisons<\/strong><\/p>\n\n\n\n<p>Les livraisons sont faites \u00e0 l\u2019adresse indiqu\u00e9e dans le bon de commande qui ne peut \u00eatre que dans la zone g\u00e9ographique convenue.<\/p>\n\n\n\n<p>Les risques sont \u00e0 la charge de l\u2019acqu\u00e9reur \u00e0 compter du moment o\u00f9 les produits ont quitt\u00e9 les locaux de Stella Loisirs. En cas de dommage pendant le transport, la protestation motiv\u00e9e doit \u00eatre formul\u00e9e aupr\u00e8s du transporteur dans un d\u00e9lai de trois jours \u00e0 compter de la livraison.<\/p>\n\n\n\n<p>Les d\u00e9lais de livraison ne sont donn\u00e9s qu\u2019\u00e0 titre indicatif; si ceux-ci d\u00e9passent trente jours \u00e0 compter de la commande, le contrat de vente pourra \u00eatre r\u00e9sili\u00e9 et l\u2019acheteur rembours\u00e9.<\/p>\n\n\n\n<p><\/p>\n\n\n\n<p><strong>IX.Garantie<\/strong><\/p>\n\n\n\n<p>Les baby-foot fabriqu\u00e9s par Stella Loisirs b\u00e9n\u00e9ficient d\u2019une garantie de 2 g\u00e9n\u00e9rations soit 50 ans pour la caisse et les joueurs. Les barres et amortisseurs sont garantis 3 ans. Toutefois, la garantie s\u2019applique uniquement pour une utilisation normale du produit.<\/p>\n\n\n\n<p>En cas de non-conformit\u00e9 d\u2019un produit vendu, il pourra \u00eatre retourn\u00e9 \u00e0 Stella Loisirs qui le reprendra, l\u2019\u00e9changera ou le remboursera.<\/p>\n\n\n\n<p>Toutes les r\u00e9clamations, demandes d\u2019\u00e9change ou de remboursement doivent s\u2019effectuer par voie postale \u00e0 l\u2019adresse suivante : 86 chauss\u00e9e A. Einstein dans le d\u00e9lai de trente jours de la livraison.<\/p>\n\n\n\n<p><\/p>\n\n\n\n<p><strong>X.Responsabilit\u00e9<\/strong><\/p>\n\n\n\n<p>Le vendeur, dans le processus de vente en ligne, n\u2019est tenu que par une obligation de moyens; sa responsabilit\u00e9 ne pourra \u00eatre engag\u00e9e pour un dommage r\u00e9sultant de l\u2019utilisation du r\u00e9seau Internet tel que perte de donn\u00e9es, intrusion, virus, rupture du service, ou autres probl\u00e8mes involontaires.<\/p>\n\n\n\n<p><\/p>\n\n\n\n<p><strong>XI.Propri\u00e9t\u00e9 intellectuelle<\/strong><\/p>\n\n\n\n<p>Tous les \u00e9l\u00e9ments du site de Stella Loisirs sont et restent la propri\u00e9t\u00e9 intellectuelle et exclusive de Stella Loisirs.<\/p>\n\n\n\n<p>Personne n\u2019est autoris\u00e9 \u00e0 reproduire, exploiter, rediffuser, ou utiliser \u00e0 quelque titre que ce soit, m\u00eame partiellement, des \u00e9l\u00e9ments du site qu\u2019ils soient logiciels, visuels ou sonores.<\/p>\n\n\n\n<p>Tout lien simple ou par hypertexte est strictement interdit sans un accord \u00e9crit expr\u00e8s de Stella Loisirs.<\/p>\n\n\n\n<p><\/p>\n\n\n\n<p><strong>XII.Donn\u00e9es \u00e0 caract\u00e8re personnel<\/strong><\/p>\n\n\n\n<p>Conform\u00e9ment \u00e0 la loi relative \u00e0 l\u2019informatique, aux fichiers et aux libert\u00e9s du 6 janvier 1978, les informations \u00e0 caract\u00e8re nominatif relatives aux acheteurs pourront faire l\u2019objet d\u2019un traitement automatis\u00e9.<\/p>\n\n\n\n<p>Stella Loisirs se r\u00e9serve le droit de collecter des informations sur les acheteurs y compris en utilisant des cookies, et, s\u2019il le souhaite, de transmettre \u00e0 des partenaires commerciaux les informations collect\u00e9es.<\/p>\n\n\n\n<p>Les acheteurs peuvent s\u2019opposer \u00e0 la divulgation de leurs coordonn\u00e9es en le signalant \u00e0 Stella Loisirs. De m\u00eame, les utilisateurs disposent d\u2019un droit d\u2019acc\u00e8s et de rectification des donn\u00e9es les concernant, conform\u00e9ment \u00e0 la loi du 6 janvier 1978.<\/p>\n\n\n\n<p>Le traitement automatis\u00e9 d\u2019informations, y compris la gestion des adresses e-mail des utilisateurs du site a fait l\u2019objet d\u2019une d\u00e9claration \u00e0 la CNIL le 2\/11\/2015 enregistr\u00e9e sous le num\u00e9ro 1907885 v 0.<\/p>\n\n\n\n<p><\/p>\n\n\n\n<p><strong>XIII. Archivage &#8211; Preuve<\/strong><\/p>\n\n\n\n<p>Stella Loisirs archivera les bons de commandes et les factures sur un support fiable et durable constituant une copie fid\u00e8le conform\u00e9ment aux dispositions de l\u2019article 1348 du Code civil.<\/p>\n\n\n\n<p>Les registres informatis\u00e9s de Stella Loisirs seront consid\u00e9r\u00e9s par les parties comme preuve des communications, commandes, paiements et transactions intervenus entre les parties.<\/p>\n\n\n\n<p><\/p>\n\n\n\n<p><strong>XIV.R\u00e8glement des litiges<\/strong><\/p>\n\n\n\n<p>Les pr\u00e9sentes conditions de vente en ligne sont soumises \u00e0 la loi fran\u00e7aise.<\/p>\n\n\n\n<p>En cas de litige, comp\u00e9tence est attribu\u00e9e aux tribunaux comp\u00e9tents de Lille, nonobstant pluralit\u00e9 de d\u00e9fendeurs ou appel en garantie.<\/p>\n","protected":false},"excerpt":{"rendered":"<p>CONDITIONS GENERALES DE VENTES STELLA LOISIRS Les pr\u00e9sentes conditions de vente sont conclues d\u2019une part par la soci\u00e9t\u00e9 Stella Loisirs au capital de 15244,90 euros dont le si\u00e8ge social est \u00e0 159 Rue de Rotterdam 59200 TOURCOING immatricul\u00e9e au registre du commerce et des soci\u00e9t\u00e9s de Lille M\u00e9tropole sous le num\u00e9ro R.C.S. 402 493 522 [&hellip;]<\/p>\n","protected":false},"author":1,"featured_media":0,"parent":0,"menu_order":5,"comment_status":"closed","ping_status":"closed","template":"","meta":{"_acf_changed":false,"_seopress_robots_primary_cat":"","_seopress_titles_title":"","_seopress_titles_desc":"","_seopress_robots_index":"","footnotes":""},"acf":[],"_links":{"self":[{"href":"https:\/\/stella-babyfoot.com\/personnalisation\/wp-json\/wp\/v2\/pages\/478"}],"collection":[{"href":"https:\/\/stella-babyfoot.com\/personnalisation\/wp-json\/wp\/v2\/pages"}],"about":[{"href":"https:\/\/stella-babyfoot.com\/personnalisation\/wp-json\/wp\/v2\/types\/page"}],"author":[{"embeddable":true,"href":"https:\/\/stella-babyfoot.com\/personnalisation\/wp-json\/wp\/v2\/users\/1"}],"replies":[{"embeddable":true,"href":"https:\/\/stella-babyfoot.com\/personnalisation\/wp-json\/wp\/v2\/comments?post=478"}],"version-history":[{"count":0,"href":"https:\/\/stella-babyfoot.com\/personnalisation\/wp-json\/wp\/v2\/pages\/478\/revisions"}],"wp:attachment":[{"href":"https:\/\/stella-babyfoot.com\/personnalisation\/wp-json\/wp\/v2\/media?parent=478"}],"curies":[{"name":"wp","href":"https:\/\/api.w.org\/{rel}","templated":true}]}}